{"id":2,"date":"2024-03-27T14:31:33","date_gmt":"2024-03-27T14:31:33","guid":{"rendered":"https:\/\/etprogram.hu\/et1\/?page_id=2"},"modified":"2024-04-06T10:42:07","modified_gmt":"2024-04-06T08:42:07","slug":"sample-page","status":"publish","type":"page","link":"https:\/\/etprogram.hu\/et1\/?page_id=2","title":{"rendered":"Tev\u00e9kenys\u00e9gek"},"content":{"rendered":"\n<blockquote class=\"wp-block-quote is-layout-flow wp-block-quote-is-layout-flow\">\n<figure class=\"wp-block-image alignleft size-full is-resized\"><img loading=\"lazy\" decoding=\"async\" width=\"80\" height=\"72\" src=\"https:\/\/etprogram.hu\/et1\/wp-content\/uploads\/2024\/03\/logo80x80.png\" alt=\"\" class=\"wp-image-19\" style=\"width:78px;height:auto\"\/><\/figure>\n\n\n\n<p>A 2023-as \u00e9v portf\u00f3li\u00f3ja<\/p>\n\n\n\n<hr class=\"wp-block-separator has-alpha-channel-opacity is-style-wide\"\/>\n\n\n\n<figure class=\"wp-block-video\"><video controls src=\"https:\/\/www.etprogram.hu\/video\/portfolio.mp4\"><\/video><\/figure>\n<\/blockquote>\n","protected":false},"excerpt":{"rendered":"","protected":false},"author":1,"featured_media":81,"parent":0,"menu_order":5,"comment_status":"closed","ping_status":"closed","template":"","meta":{"_editorskit_title_hidden":false,"_editorskit_reading_time":0,"_editorskit_is_block_options_detached":false,"_editorskit_block_options_position":"{}","ngg_post_thumbnail":0,"footnotes":""},"class_list":["post-2","page","type-page","status-publish","has-post-thumbnail","hentry"],"_links":{"self":[{"href":"https:\/\/etprogram.hu\/et1\/index.php?rest_route=\/wp\/v2\/pages\/2","targetHints":{"allow":["GET"]}}],"collection":[{"href":"https:\/\/etprogram.hu\/et1\/index.php?rest_route=\/wp\/v2\/pages"}],"about":[{"href":"https:\/\/etprogram.hu\/et1\/index.php?rest_route=\/wp\/v2\/types\/page"}],"author":[{"embeddable":true,"href":"https:\/\/etprogram.hu\/et1\/index.php?rest_route=\/wp\/v2\/users\/1"}],"replies":[{"embeddable":true,"href":"https:\/\/etprogram.hu\/et1\/index.php?rest_route=%2Fwp%2Fv2%2Fcomments&post=2"}],"version-history":[{"count":10,"href":"https:\/\/etprogram.hu\/et1\/index.php?rest_route=\/wp\/v2\/pages\/2\/revisions"}],"predecessor-version":[{"id":92,"href":"https:\/\/etprogram.hu\/et1\/index.php?rest_route=\/wp\/v2\/pages\/2\/revisions\/92"}],"wp:featuredmedia":[{"embeddable":true,"href":"https:\/\/etprogram.hu\/et1\/index.php?rest_route=\/wp\/v2\/media\/81"}],"wp:attachment":[{"href":"https:\/\/etprogram.hu\/et1\/index.php?rest_route=%2Fwp%2Fv2%2Fmedia&parent=2"}],"curies":[{"name":"wp","href":"https:\/\/api.w.org\/{rel}","templated":true}]}}