{"id":240,"date":"2024-04-19T14:50:54","date_gmt":"2024-04-19T12:50:54","guid":{"rendered":"https:\/\/etprogram.hu\/et1\/?page_id=240"},"modified":"2024-04-22T08:41:24","modified_gmt":"2024-04-22T06:41:24","slug":"jogyakorlatok","status":"publish","type":"page","link":"https:\/\/etprogram.hu\/et1\/?page_id=240","title":{"rendered":"J\u00f3gyakorlatok"},"content":{"rendered":"\n<h3 class=\"wp-block-heading\">Mez\u0151ber\u00e9ny<\/h3>\n\n\n\n<p>a Mez\u0151ber\u00e9nyi \u00c1ltal\u00e1nos Iskola, Alapfok\u00fa M\u0171v\u00e9szeti Iskola \u00e9s Koll\u00e9gium csapata<br> &#8211; A \u201eszenved\u00e9lyes\u201d \u00e1lmok ereje<br> &#8211; A kamaszokat fenyeget\u0151 f\u00fcgg\u0151s\u00e9gek prevent\u00edv feldolgoz\u00e1sa<\/p>\n\n\n\n<p><strong>El\u00e9rhet\u0151s\u00e9g, kapcsolattart\u00f3:<\/strong><br>V\u00e1ri Anik\u00f3 Katalin, f\u0151igazgat\u00f3-helyettes<br>e-mail: <a href=\"mailto:mezoberenyiiskola@gmail.com\">mezoberenyiiskola@gmail.com<\/a><br>telefon: +36 70 400 2504<br><mark style=\"background-color:rgba(0, 0, 0, 0);color:#3f91e7\" class=\"has-inline-color\"><a href=\"https:\/\/etprogram.hu\/et1\/wp-content\/uploads\/2024\/04\/Szenvedelyes_almok_ereje.jpg\" class=\"ek-link\">Aj\u00e1nl\u00f3<\/a><\/mark><\/p>\n\n\n\n<h3 class=\"wp-block-heading\">Gyomaendr\u0151d<\/h3>\n\n\n\n<p>a Gyomaendr\u0151di Kis B\u00e1lint \u00c1ltal\u00e1nos Iskola di\u00e1kjai<br> &#8211; Evezz\u00fcnk egy\u00fctt \u201eKisB\u00e1lintosok\u201d!<br> &#8211; K\u00f6z\u00f6ss\u00e9gi sportesem\u00e9ny szervez\u00e9se<\/p>\n\n\n\n<p><strong>El\u00e9rhet\u0151s\u00e9g, kapcsolattart\u00f3:<\/strong><br>Pelyv\u00e1n\u00e9 Kiszely Edit, igazgat\u00f3helyettes<br>e-mail: <a href=\"mailto:kisbalintiskola@gmail.com\" class=\"ek-link\">kisbalintiskola@gmail.com<\/a><br><a href=\"https:\/\/etprogram.hu\/et1\/?p=245\" class=\"ek-link\"><mark style=\"background-color:rgba(0, 0, 0, 0);color:#3f91e7\" class=\"has-inline-color\">Aj\u00e1nl\u00f3<\/mark><\/a><\/p>\n\n\n\n<h3 class=\"wp-block-heading\">K\u00e9tegyh\u00e1za<\/h3>\n\n\n\n<p>a K\u00e9tegyh\u00e1zi M\u00e1rki S\u00e1ndor \u00c1ltal\u00e1nos Iskola csapata<br> &#8211; \u201e\u00c9lj \u00d6kosan! Low Waste Living!\u201d Iskolai j\u00f3gyakorlat<br> &#8211; 45 perces \u00e9lm\u00e9nypedag\u00f3giai foglalkoz\u00e1s a csomagol\u00e1smentess\u00e9g jegy\u00e9ben 3. oszt\u00e1lyt\u00f3l<\/p>\n\n\n\n<p><strong>El\u00e9rhet\u0151s\u00e9g, kapcsolattart\u00f3:<\/strong><br>Siposn\u00e9 Isztin Magdolna, igazgat\u00f3helyettes<br>e-mail: <a href=\"mailto:markiiskola@gmail.com\" class=\"ek-link\">markiiskola@gmail.com<\/a><br>telefon: Cs\u00e1kv\u00f6lgyi Erika +36 30 299 0540<br>Siposn\u00e9 Isztin Magdolna +36 70 330 4811<br><a href=\"https:\/\/etprogram.hu\/et1\/wp-content\/uploads\/2024\/04\/Marki_S_Elj_okosan.pdf\" class=\"ek-link\"><mark style=\"background-color:rgba(0, 0, 0, 0);color:#3f91e7\" class=\"has-inline-color\">Aj\u00e1nl\u00f3<\/mark><\/a><\/p>\n","protected":false},"excerpt":{"rendered":"<p>Mez\u0151ber\u00e9ny a Mez\u0151ber\u00e9nyi \u00c1ltal\u00e1nos Iskola, Alapfok\u00fa M\u0171v\u00e9szeti Iskola \u00e9s Koll\u00e9gium csapata &#8211; A \u201eszenved\u00e9lyes\u201d \u00e1lmok ereje &#8211; A kamaszokat fenyeget\u0151 f\u00fcgg\u0151s\u00e9gek prevent\u00edv feldolgoz\u00e1sa El\u00e9rhet\u0151s\u00e9g, kapcsolattart\u00f3:V\u00e1ri Anik\u00f3 Katalin, f\u0151igazgat\u00f3-helyettese-mail: mezoberenyiiskola@gmail.comtelefon: +36 70 400 2504Aj\u00e1nl\u00f3 Gyomaendr\u0151d a Gyomaendr\u0151di Kis B\u00e1lint \u00c1ltal\u00e1nos Iskola di\u00e1kjai &#8211; Evezz\u00fcnk egy\u00fctt \u201eKisB\u00e1lintosok\u201d! &#8211; K\u00f6z\u00f6ss\u00e9gi sportesem\u00e9ny szervez\u00e9se El\u00e9rhet\u0151s\u00e9g, kapcsolattart\u00f3:Pelyv\u00e1n\u00e9 Kiszely Edit, igazgat\u00f3helyettese-mail: kisbalintiskola@gmail.comAj\u00e1nl\u00f3 [&hellip;]<\/p>\n","protected":false},"author":1,"featured_media":81,"parent":0,"menu_order":3,"comment_status":"closed","ping_status":"closed","template":"","meta":{"_editorskit_title_hidden":false,"_editorskit_reading_time":0,"_editorskit_is_block_options_detached":false,"_editorskit_block_options_position":"{}","ngg_post_thumbnail":0,"footnotes":""},"class_list":["post-240","page","type-page","status-publish","has-post-thumbnail","hentry"],"_links":{"self":[{"href":"https:\/\/etprogram.hu\/et1\/index.php?rest_route=\/wp\/v2\/pages\/240","targetHints":{"allow":["GET"]}}],"collection":[{"href":"https:\/\/etprogram.hu\/et1\/index.php?rest_route=\/wp\/v2\/pages"}],"about":[{"href":"https:\/\/etprogram.hu\/et1\/index.php?rest_route=\/wp\/v2\/types\/page"}],"author":[{"embeddable":true,"href":"https:\/\/etprogram.hu\/et1\/index.php?rest_route=\/wp\/v2\/users\/1"}],"replies":[{"embeddable":true,"href":"https:\/\/etprogram.hu\/et1\/index.php?rest_route=%2Fwp%2Fv2%2Fcomments&post=240"}],"version-history":[{"count":13,"href":"https:\/\/etprogram.hu\/et1\/index.php?rest_route=\/wp\/v2\/pages\/240\/revisions"}],"predecessor-version":[{"id":277,"href":"https:\/\/etprogram.hu\/et1\/index.php?rest_route=\/wp\/v2\/pages\/240\/revisions\/277"}],"wp:featuredmedia":[{"embeddable":true,"href":"https:\/\/etprogram.hu\/et1\/index.php?rest_route=\/wp\/v2\/media\/81"}],"wp:attachment":[{"href":"https:\/\/etprogram.hu\/et1\/index.php?rest_route=%2Fwp%2Fv2%2Fmedia&parent=240"}],"curies":[{"name":"wp","href":"https:\/\/api.w.org\/{rel}","templated":true}]}}