{"id":8,"date":"2024-03-27T15:50:50","date_gmt":"2024-03-27T14:50:50","guid":{"rendered":"https:\/\/etprogram.hu\/et1\/?page_id=8"},"modified":"2024-04-17T15:43:39","modified_gmt":"2024-04-17T13:43:39","slug":"bemutatkozas","status":"publish","type":"page","link":"https:\/\/etprogram.hu\/et1\/?page_id=8","title":{"rendered":"R\u00f3lunk"},"content":{"rendered":"\n<div class=\"wp-block-columns is-layout-flex wp-container-core-columns-is-layout-28f84493 wp-block-columns-is-layout-flex\">\n<div class=\"wp-block-column is-layout-flow wp-block-column-is-layout-flow\" style=\"flex-basis:100%\">\n<div class=\"wp-block-group has-global-padding is-layout-constrained wp-block-group-is-layout-constrained\">\n<p class=\"has-contrast-color has-text-color has-link-color has-medium-font-size wp-elements-f4289405f7cb3184c3c1cefc3933ca4b\">Kedves L\u00e1togat\u00f3!<\/p>\n\n\n\n<p class=\"has-text-align-justify\">A \u201eL\u00e9gy eg\u00e9szs\u00e9ges! L\u00e9gy tudatos! L\u00e9gy eg\u00e9szs\u00e9gtudatos!\u201d elnevez\u00e9s\u0171 program 2023-ban indult el a Gyulai Tanker\u00fcleti K\u00f6zpont kezdem\u00e9nyez\u00e9s\u00e9re, melynek f\u0151v\u00e9dn\u00f6kei Hajnal Gabriella, a Klebelsberg K\u00f6zpont eln\u00f6ke, valamint Prof. Dr. Sz\u00f6k\u0151 \u00c9va, a &#8222;21 N\u0151 az Eg\u00e9szs\u00e9g\u00fcgy\u00e9rt&#8221; Alap\u00edtv\u00e1ny eln\u00f6ke voltak.<\/p>\n\n\n\n<p class=\"has-text-align-justify\">A projekt f\u0151 c\u00e9lkit\u0171z\u00e9se a Tanker\u00fclet fenntart\u00e1s\u00e1ban m\u0171k\u00f6d\u0151 k\u00f6znevel\u00e9si int\u00e9zm\u00e9nyek di\u00e1kjainak testi, lelki \u00e9s \u00e9rtelmi eg\u00e9szs\u00e9g\u00e9nek t\u00e1mogat\u00e1sa. A G\u00e1l Ferenc Egyetem Gyulai Eg\u00e9szs\u00e9g- \u00e9s Szoci\u00e1lis Tudom\u00e1nyi Kara \u00e1ltal biztos\u00edtott szakmai h\u00e1tt\u00e9r seg\u00edts\u00e9g\u00e9vel az \u00e9lm\u00e9nyalap\u00fa tanul\u00e1s elveire \u00e9p\u00fcl\u0151 program nemcsak az eg\u00e9szs\u00e9g\u00fcgyi p\u00e1lya ir\u00e1nti \u00e9rdekl\u0151d\u00e9st \u00f6szt\u00f6nzi, hanem a nevel\u00e9si-oktat\u00e1si int\u00e9zm\u00e9nyek k\u00f6z\u00f6tti tud\u00e1smegoszt\u00e1st is el\u0151seg\u00edti. A program keret\u00e9ben az iskol\u00e1k eg\u00e9szs\u00e9gmeg\u0151rz\u00e9ssel kapcsolatos j\u00f3 gyakorlataikat osztj\u00e1k meg annak \u00e9rdek\u00e9ben, hogy a tanul\u00f3k k\u00e9pesek legyenek az eg\u00e9szs\u00e9g szem\u00e9lyes, int\u00e9zm\u00e9nyi \u00e9s k\u00f6z\u00f6ss\u00e9gi \u00e9rt\u00e9kk\u00e9nt t\u00f6rt\u00e9n\u0151 \u00e9rtelmez\u00e9s\u00e9re.<\/p>\n\n\n\n<p class=\"has-contrast-color has-text-color has-link-color has-medium-font-size wp-elements-1650ab8cd4cc9a3980b55efe0745fd2e\">A folytat\u00e1sr\u00f3l:<\/p>\n\n\n\n<p class=\"has-text-align-justify\">A 2023-ban ind\u00edtott program keret\u00e9ben meghirdetett p\u00e1ly\u00e1zat nyerteseinek j\u00f3 gyakorlatai az egyetem mentor\u00e1l\u00e1s\u00e1val ker\u00fclnek tov\u00e1bbfejleszt\u00e9sre. Izgalmas lehet\u0151s\u00e9get jelent, hogy az els\u0151 h\u00e1rom helyezett int\u00e9zm\u00e9ny di\u00e1kjai 2024 tavasz\u00e1n lehet\u0151s\u00e9get kapnak j\u00f3 gyakorlataik bemutat\u00e1s\u00e1ra \u00e9s n\u00e9pszer\u0171s\u00edt\u00e9s\u00e9re a k\u00f6znevel\u00e9si int\u00e9zm\u00e9nyek k\u00f6r\u00e9ben. Ez a kezdem\u00e9nyez\u00e9s nagyszer\u0171 lehet\u0151s\u00e9get k\u00edn\u00e1l a tapasztalatok megoszt\u00e1s\u00e1ra \u00e9s az eg\u00e9szs\u00e9gtudatoss\u00e1g terjeszt\u00e9s\u00e9re.<\/p>\n\n\n\n<p class=\"has-text-align-justify\">A 2023\/2024-es tan\u00e9vben ism\u00e9t meghirdetj\u00fck verseny\u00fcnket, melynek f\u0151 t\u00e9m\u00e1ja az eg\u00e9szs\u00e9ges t\u00e1pl\u00e1lkoz\u00e1s. Az int\u00e9zm\u00e9nyek k\u00f6z\u00f6ss\u00e9gei k\u00e9tperces kisfilm seg\u00edts\u00e9g\u00e9vel mutatj\u00e1k be, mit jelent sz\u00e1mukra a tudatos t\u00e1pl\u00e1lkoz\u00e1s. A kisfilmek prezent\u00e1l\u00e1s\u00e1ra 2024 j\u00fanius\u00e1ban az \u00e9lm\u00e9nynapon ker\u00fcl sor, ahol a zs\u0171ri \u00e9rt\u00e9keli a p\u00e1lyamunk\u00e1kat, \u00e9s a k\u00f6z\u00f6ns\u00e9g is kifejezheti v\u00e9lem\u00e9ny\u00e9t k\u00f6z\u00f6ns\u00e9gszavazat form\u00e1j\u00e1ban. A filmek bemutat\u00e1s\u00e1t k\u00f6vet\u0151en \u00fcgyess\u00e9gi verseny \u00e9s az eg\u00e9szs\u00e9g t\u00e9mak\u00f6r\u00e9re \u00e9p\u00fcl\u0151 kerekasztal-besz\u00e9lget\u00e9s, l\u00e1tv\u00e1nykonyha, valamint k\u00f6z\u00f6s \u00e9telk\u00e9sz\u00edt\u00e9s v\u00e1rja a tanul\u00f3kat, a pedag\u00f3gusokat \u00e9s az \u00e9rdekl\u0151d\u0151 vend\u00e9geket. Ez az esem\u00e9ny lehet\u0151s\u00e9get teremt a k\u00f6z\u00f6ss\u00e9gi egy\u00fcttm\u0171k\u00f6d\u00e9sre \u00e9s az eg\u00e9szs\u00e9gtudatoss\u00e1g er\u0151s\u00edt\u00e9s\u00e9re.<\/p>\n\n\n\n<p class=\"has-text-align-justify\">Rem\u00e9lj\u00fck, hogy 2024-ben is \u00d6nnel egy\u00fctt \u00fajra lehet\u0151s\u00e9g\u00fcnk ny\u00edlik az eg\u00e9szs\u00e9g \u00fcnnepk\u00e9nt val\u00f3 meg\u00e9l\u00e9s\u00e9re! Weboldalunkon folyamatosan t\u00e1j\u00e9koztatjuk \u00d6nt a projekt el\u0151rehalad\u00e1s\u00e1r\u00f3l, az eredm\u00e9nyekr\u0151l.<\/p>\n\n\n\n<p class=\"has-text-align-right\">A szervez\u0151k<\/p>\n<\/div>\n<\/div>\n<\/div>\n\n\n\n<p><\/p>\n","protected":false},"excerpt":{"rendered":"<p>Kedves L\u00e1togat\u00f3! A \u201eL\u00e9gy eg\u00e9szs\u00e9ges! L\u00e9gy tudatos! L\u00e9gy eg\u00e9szs\u00e9gtudatos!\u201d elnevez\u00e9s\u0171 program 2023-ban indult el a Gyulai Tanker\u00fcleti K\u00f6zpont kezdem\u00e9nyez\u00e9s\u00e9re, melynek f\u0151v\u00e9dn\u00f6kei Hajnal Gabriella, a Klebelsberg K\u00f6zpont eln\u00f6ke, valamint Prof. Dr. Sz\u00f6k\u0151 \u00c9va, a &#8222;21 N\u0151 az Eg\u00e9szs\u00e9g\u00fcgy\u00e9rt&#8221; Alap\u00edtv\u00e1ny eln\u00f6ke voltak. A projekt f\u0151 c\u00e9lkit\u0171z\u00e9se a Tanker\u00fclet fenntart\u00e1s\u00e1ban m\u0171k\u00f6d\u0151 k\u00f6znevel\u00e9si int\u00e9zm\u00e9nyek di\u00e1kjainak testi, lelki \u00e9s \u00e9rtelmi [&hellip;]<\/p>\n","protected":false},"author":1,"featured_media":81,"parent":0,"menu_order":1,"comment_status":"closed","ping_status":"closed","template":"","meta":{"_editorskit_title_hidden":false,"_editorskit_reading_time":0,"_editorskit_is_block_options_detached":false,"_editorskit_block_options_position":"{}","ngg_post_thumbnail":0,"footnotes":""},"class_list":["post-8","page","type-page","status-publish","has-post-thumbnail","hentry"],"_links":{"self":[{"href":"https:\/\/etprogram.hu\/et1\/index.php?rest_route=\/wp\/v2\/pages\/8","targetHints":{"allow":["GET"]}}],"collection":[{"href":"https:\/\/etprogram.hu\/et1\/index.php?rest_route=\/wp\/v2\/pages"}],"about":[{"href":"https:\/\/etprogram.hu\/et1\/index.php?rest_route=\/wp\/v2\/types\/page"}],"author":[{"embeddable":true,"href":"https:\/\/etprogram.hu\/et1\/index.php?rest_route=\/wp\/v2\/users\/1"}],"replies":[{"embeddable":true,"href":"https:\/\/etprogram.hu\/et1\/index.php?rest_route=%2Fwp%2Fv2%2Fcomments&post=8"}],"version-history":[{"count":11,"href":"https:\/\/etprogram.hu\/et1\/index.php?rest_route=\/wp\/v2\/pages\/8\/revisions"}],"predecessor-version":[{"id":235,"href":"https:\/\/etprogram.hu\/et1\/index.php?rest_route=\/wp\/v2\/pages\/8\/revisions\/235"}],"wp:featuredmedia":[{"embeddable":true,"href":"https:\/\/etprogram.hu\/et1\/index.php?rest_route=\/wp\/v2\/media\/81"}],"wp:attachment":[{"href":"https:\/\/etprogram.hu\/et1\/index.php?rest_route=%2Fwp%2Fv2%2Fmedia&parent=8"}],"curies":[{"name":"wp","href":"https:\/\/api.w.org\/{rel}","templated":true}]}}